{"id":727,"date":"2022-11-11T10:33:53","date_gmt":"2022-11-11T09:33:53","guid":{"rendered":"https:\/\/gmc-mbh.de\/?page_id=727"},"modified":"2022-11-11T10:33:53","modified_gmt":"2022-11-11T09:33:53","slug":"service","status":"publish","type":"page","link":"https:\/\/gmc-mbh.de\/en\/service\/","title":{"rendered":"Service"},"content":{"rendered":"<h2>Beste Produkte und hauseigenes Qualit\u00e4tsmanagement<\/h2>\n<p>Wir stellen die Produktqualit\u00e4t, die wir an unsere Kunden liefern, durch unser hauseigenes Qualit\u00e4tsmanagement sicher. Unseren hohen Qualit\u00e4tsstandard best\u00e4tigt auch die Zertifizierung nach DIN EN ISO 9001:2015.<br \/>\nDie Wertigkeit beginnt bei uns bereits bei der Beschaffung und Fertigung der Produktteile. Dazu verf\u00fcgen wir \u00fcber langj\u00e4hrige, gute Kontakte zur Zulieferindustrie und zu Lizenzherstellern von Ersatzteilen. Zudem sorgt unser geschultes Serviceteam durch kontinuierliche Produkt- und Marktbeobachtung daf\u00fcr, dass unser Sortiment stets nach den technologischen Entwicklungen erweitert wird.<\/p>\n<h2>Tagesgleiche Bestellabwicklung und direkter Versand<\/h2>\n<p>Durch den hohen Lagerbestand und kurze Wege k\u00f6nnen wir unser Kundenversprechen einhalten: 98 Prozent der Artikel k\u00f6nnen wir direkt am Tag der Bestellung versenden.<br \/>\nDamit die Ware auch schnell bei unseren Kunden ankommt, lassen wir uns durch das Luftfahrt Bundesamt (LBA) seit 2012 als \u201ebekannter Versender\u201c zertifizieren. Der Vorteil: Das berechtigt uns, sichere Luftfrachten zu versenden mit direkter Verladung ins Flugzeug, ohne zus\u00e4tzliche Kontrolle. Im Sinne unserer Kunden sparen wir wertvolle Zeit bis zum Erhalt der Ware.<\/p>\n","protected":false},"excerpt":{"rendered":"<p>Beste Produkte und hauseigenes Qualit\u00e4tsmanagement Wir stellen die Produktqualit\u00e4t, die wir an unsere Kunden liefern, durch unser hauseigenes Qualit\u00e4tsmanagement sicher. Unseren hohen Qualit\u00e4tsstandard best\u00e4tigt auch die Zertifizierung nach DIN EN ISO 9001:2015. Die Wertigkeit beginnt bei uns bereits bei der Beschaffung und Fertigung der Produktteile. Dazu verf\u00fcgen wir \u00fcber langj\u00e4hrige, gute Kontakte zur Zulieferindustrie und [&hellip;]<\/p>\n","protected":false},"author":1,"featured_media":0,"parent":0,"menu_order":2,"comment_status":"closed","ping_status":"closed","template":"","meta":{"_themeisle_gutenberg_block_has_review":false,"footnotes":""},"class_list":["post-727","page","type-page","status-publish","hentry"],"acf":[],"yoast_head":"<!-- This site is optimized with the Yoast SEO plugin v27.5 - https:\/\/yoast.com\/product\/yoast-seo-wordpress\/ -->\n<title>Service - GMC mbH<\/title>\n<meta name=\"robots\" content=\"index, follow, max-snippet:-1, max-image-preview:large, max-video-preview:-1\" \/>\n<link rel=\"canonical\" href=\"https:\/\/gmc-mbh.de\/en\/service\/\" \/>\n<meta property=\"og:locale\" content=\"en_US\" \/>\n<meta property=\"og:type\" content=\"article\" \/>\n<meta property=\"og:title\" content=\"Service - GMC mbH\" \/>\n<meta property=\"og:description\" content=\"Beste Produkte und hauseigenes Qualit\u00e4tsmanagement Wir stellen die Produktqualit\u00e4t, die wir an unsere Kunden liefern, durch unser hauseigenes Qualit\u00e4tsmanagement sicher. Unseren hohen Qualit\u00e4tsstandard best\u00e4tigt auch die Zertifizierung nach DIN EN ISO 9001:2015. Die Wertigkeit beginnt bei uns bereits bei der Beschaffung und Fertigung der Produktteile. Dazu verf\u00fcgen wir \u00fcber langj\u00e4hrige, gute Kontakte zur Zulieferindustrie und [&hellip;]\" \/>\n<meta property=\"og:url\" content=\"https:\/\/gmc-mbh.de\/en\/service\/\" \/>\n<meta property=\"og:site_name\" content=\"GMC mbH\" \/>\n<meta name=\"twitter:card\" content=\"summary_large_image\" \/>\n<meta name=\"twitter:label1\" content=\"Est. reading time\" \/>\n\t<meta name=\"twitter:data1\" content=\"1 minute\" \/>\n<script type=\"application\/ld+json\" class=\"yoast-schema-graph\">{\"@context\":\"https:\\\/\\\/schema.org\",\"@graph\":[{\"@type\":\"WebPage\",\"@id\":\"https:\\\/\\\/gmc-mbh.de\\\/en\\\/service\\\/\",\"url\":\"https:\\\/\\\/gmc-mbh.de\\\/en\\\/service\\\/\",\"name\":\"Service - GMC mbH\",\"isPartOf\":{\"@id\":\"https:\\\/\\\/gmc-mbh.de\\\/en\\\/#website\"},\"datePublished\":\"2022-11-11T09:33:53+00:00\",\"breadcrumb\":{\"@id\":\"https:\\\/\\\/gmc-mbh.de\\\/en\\\/service\\\/#breadcrumb\"},\"inLanguage\":\"en-US\",\"potentialAction\":[{\"@type\":\"ReadAction\",\"target\":[\"https:\\\/\\\/gmc-mbh.de\\\/en\\\/service\\\/\"]}]},{\"@type\":\"BreadcrumbList\",\"@id\":\"https:\\\/\\\/gmc-mbh.de\\\/en\\\/service\\\/#breadcrumb\",\"itemListElement\":[{\"@type\":\"ListItem\",\"position\":1,\"name\":\"Home\",\"item\":\"https:\\\/\\\/gmc-mbh.de\\\/en\\\/\"},{\"@type\":\"ListItem\",\"position\":2,\"name\":\"Service\"}]},{\"@type\":\"WebSite\",\"@id\":\"https:\\\/\\\/gmc-mbh.de\\\/en\\\/#website\",\"url\":\"https:\\\/\\\/gmc-mbh.de\\\/en\\\/\",\"name\":\"GMC mbH\",\"description\":\"GMC \u2013 Gesellschaft f\u00fcr Marine- und Industrieausstattung mbH\",\"potentialAction\":[{\"@type\":\"SearchAction\",\"target\":{\"@type\":\"EntryPoint\",\"urlTemplate\":\"https:\\\/\\\/gmc-mbh.de\\\/en\\\/?s={search_term_string}\"},\"query-input\":{\"@type\":\"PropertyValueSpecification\",\"valueRequired\":true,\"valueName\":\"search_term_string\"}}],\"inLanguage\":\"en-US\"}]}<\/script>\n<!-- \/ Yoast SEO plugin. -->","yoast_head_json":{"title":"Service - GMC mbH","robots":{"index":"index","follow":"follow","max-snippet":"max-snippet:-1","max-image-preview":"max-image-preview:large","max-video-preview":"max-video-preview:-1"},"canonical":"https:\/\/gmc-mbh.de\/en\/service\/","og_locale":"en_US","og_type":"article","og_title":"Service - GMC mbH","og_description":"Beste Produkte und hauseigenes Qualit\u00e4tsmanagement Wir stellen die Produktqualit\u00e4t, die wir an unsere Kunden liefern, durch unser hauseigenes Qualit\u00e4tsmanagement sicher. Unseren hohen Qualit\u00e4tsstandard best\u00e4tigt auch die Zertifizierung nach DIN EN ISO 9001:2015. Die Wertigkeit beginnt bei uns bereits bei der Beschaffung und Fertigung der Produktteile. Dazu verf\u00fcgen wir \u00fcber langj\u00e4hrige, gute Kontakte zur Zulieferindustrie und [&hellip;]","og_url":"https:\/\/gmc-mbh.de\/en\/service\/","og_site_name":"GMC mbH","twitter_card":"summary_large_image","twitter_misc":{"Est. reading time":"1 minute"},"schema":{"@context":"https:\/\/schema.org","@graph":[{"@type":"WebPage","@id":"https:\/\/gmc-mbh.de\/en\/service\/","url":"https:\/\/gmc-mbh.de\/en\/service\/","name":"Service - GMC mbH","isPartOf":{"@id":"https:\/\/gmc-mbh.de\/en\/#website"},"datePublished":"2022-11-11T09:33:53+00:00","breadcrumb":{"@id":"https:\/\/gmc-mbh.de\/en\/service\/#breadcrumb"},"inLanguage":"en-US","potentialAction":[{"@type":"ReadAction","target":["https:\/\/gmc-mbh.de\/en\/service\/"]}]},{"@type":"BreadcrumbList","@id":"https:\/\/gmc-mbh.de\/en\/service\/#breadcrumb","itemListElement":[{"@type":"ListItem","position":1,"name":"Home","item":"https:\/\/gmc-mbh.de\/en\/"},{"@type":"ListItem","position":2,"name":"Service"}]},{"@type":"WebSite","@id":"https:\/\/gmc-mbh.de\/en\/#website","url":"https:\/\/gmc-mbh.de\/en\/","name":"GMC mbH","description":"GMC \u2013 Gesellschaft f\u00fcr Marine- und Industrieausstattung mbH","potentialAction":[{"@type":"SearchAction","target":{"@type":"EntryPoint","urlTemplate":"https:\/\/gmc-mbh.de\/en\/?s={search_term_string}"},"query-input":{"@type":"PropertyValueSpecification","valueRequired":true,"valueName":"search_term_string"}}],"inLanguage":"en-US"}]}},"_links":{"self":[{"href":"https:\/\/gmc-mbh.de\/en\/wp-json\/wp\/v2\/pages\/727","targetHints":{"allow":["GET"]}}],"collection":[{"href":"https:\/\/gmc-mbh.de\/en\/wp-json\/wp\/v2\/pages"}],"about":[{"href":"https:\/\/gmc-mbh.de\/en\/wp-json\/wp\/v2\/types\/page"}],"author":[{"embeddable":true,"href":"https:\/\/gmc-mbh.de\/en\/wp-json\/wp\/v2\/users\/1"}],"replies":[{"embeddable":true,"href":"https:\/\/gmc-mbh.de\/en\/wp-json\/wp\/v2\/comments?post=727"}],"version-history":[{"count":1,"href":"https:\/\/gmc-mbh.de\/en\/wp-json\/wp\/v2\/pages\/727\/revisions"}],"predecessor-version":[{"id":729,"href":"https:\/\/gmc-mbh.de\/en\/wp-json\/wp\/v2\/pages\/727\/revisions\/729"}],"wp:attachment":[{"href":"https:\/\/gmc-mbh.de\/en\/wp-json\/wp\/v2\/media?parent=727"}],"curies":[{"name":"wp","href":"https:\/\/api.w.org\/{rel}","templated":true}]}}