{"id":1117,"date":"2023-06-19T14:10:35","date_gmt":"2023-06-19T12:10:35","guid":{"rendered":"https:\/\/gmc-mbh.de\/?page_id=1117"},"modified":"2023-06-20T22:48:10","modified_gmt":"2023-06-20T20:48:10","slug":"la-logistique","status":"publish","type":"page","link":"https:\/\/gmc-mbh.de\/fr\/gmc\/la-logistique\/","title":{"rendered":"La logistique"},"content":{"rendered":"<h2>Notre entrep\u00f4t moderne garantit la disponibilit\u00e9 des produits et leur exp\u00e9dition le jour m\u00eame.<\/h2>\n<p>Id\u00e9alement situ\u00e9 \u00e0 proximit\u00e9 des autoroutes A3, A4 et A555 ainsi que de l&rsquo;a\u00e9roport de Cologne\/Bonn, notre entrep\u00f4t de pi\u00e8ces de rechange assist\u00e9 par ordinateur, d&rsquo;une superficie de plus de 2\u00a0000 m\u00b2, dispose de plus de 20\u00a0000 articles. Le traitement des commandes, les achats, le marketing, le service et l&rsquo;assurance qualit\u00e9 \u2013 tout se fait dans ce m\u00eame b\u00e2timent. Votre avantage : Vos commandes sont trait\u00e9es et exp\u00e9di\u00e9es le jour de la commande \u2013 99\u00a0% des articles command\u00e9s peuvent \u00eatre exp\u00e9di\u00e9s le m\u00eame jour.<\/p>\n<h2>Bon pour le climat\u00a0: une bonne ambiance de travail et des emballages \u00e9cologiques<\/h2>\n<p>En tant qu&rsquo;entreprise familiale employant une trentaine de personnes sur le site de Wesseling, entre Cologne et Bonn, nous avons \u00e0 c\u0153ur d&rsquo;entretenir des relations conviviales et famili\u00e8res au sein de l&rsquo;\u00e9quipe. Nous offrons ainsi \u00e0 nos collaborateurs des conditions de travail \u00e9quitables et la possibilit\u00e9 d&rsquo;un d\u00e9veloppement personnel. En plus d&rsquo;une bonne ambiance de travail, nous nous engageons pour la protection de l&rsquo;environnement par une gestion durable. Lors de l&rsquo;achat, nous veillons \u00e0 utiliser des mat\u00e9riaux d&#8217;emballage \u00e9cologiques et nous r\u00e9duisons les transports en regroupant les commandes en accord avec le client. Pour l&rsquo;exp\u00e9dition de nos pi\u00e8ces de moteur, nous utilisons des cartons usag\u00e9s d\u00e9chiquet\u00e9s comme mat\u00e9riau de remplissage ou bien un film \u00e9tirable de coton renforc\u00e9 si la s\u00e9curit\u00e9 du transport l&rsquo;exige. Celui-ci est \u00e9cologique et recyclable.<\/p>\n<p><img loading=\"lazy\" decoding=\"async\" class=\"alignnone size-full wp-image-621\" src=\"https:\/\/gmc-mbh.de\/wp-content\/uploads\/2022\/11\/Web-GMC-UeberGMC-Nachhaltigkeit-1.jpg\" alt=\"\" width=\"800\" height=\"267\" srcset=\"https:\/\/gmc-mbh.de\/wp-content\/uploads\/2022\/11\/Web-GMC-UeberGMC-Nachhaltigkeit-1.jpg 800w, https:\/\/gmc-mbh.de\/wp-content\/uploads\/2022\/11\/Web-GMC-UeberGMC-Nachhaltigkeit-1-300x100.jpg 300w, https:\/\/gmc-mbh.de\/wp-content\/uploads\/2022\/11\/Web-GMC-UeberGMC-Nachhaltigkeit-1-768x256.jpg 768w\" sizes=\"auto, (max-width: 800px) 100vw, 800px\" \/><\/p>\n","protected":false},"excerpt":{"rendered":"<p>Notre entrep\u00f4t moderne garantit la disponibilit\u00e9 des produits et leur exp\u00e9dition le jour m\u00eame. Id\u00e9alement situ\u00e9 \u00e0 proximit\u00e9 des autoroutes A3, A4 et A555 ainsi que de l&rsquo;a\u00e9roport de Cologne\/Bonn, notre entrep\u00f4t de pi\u00e8ces de rechange assist\u00e9 par ordinateur, d&rsquo;une superficie de plus de 2\u00a0000 m\u00b2, dispose de plus de 20\u00a0000 articles. Le traitement des [&hellip;]<\/p>\n","protected":false},"author":1,"featured_media":0,"parent":1111,"menu_order":3,"comment_status":"closed","ping_status":"closed","template":"","meta":{"_themeisle_gutenberg_block_has_review":false,"footnotes":""},"class_list":["post-1117","page","type-page","status-publish","hentry"],"acf":[],"yoast_head":"<!-- This site is optimized with the Yoast SEO plugin v27.4 - https:\/\/yoast.com\/product\/yoast-seo-wordpress\/ -->\n<title>La logistique - GMC mbH<\/title>\n<meta name=\"robots\" content=\"index, follow, max-snippet:-1, max-image-preview:large, max-video-preview:-1\" \/>\n<link rel=\"canonical\" href=\"https:\/\/gmc-mbh.de\/fr\/gmc\/la-logistique\/\" \/>\n<meta property=\"og:locale\" content=\"fr_FR\" \/>\n<meta property=\"og:type\" content=\"article\" \/>\n<meta property=\"og:title\" content=\"La logistique - GMC mbH\" \/>\n<meta property=\"og:description\" content=\"Notre entrep\u00f4t moderne garantit la disponibilit\u00e9 des produits et leur exp\u00e9dition le jour m\u00eame. Id\u00e9alement situ\u00e9 \u00e0 proximit\u00e9 des autoroutes A3, A4 et A555 ainsi que de l&rsquo;a\u00e9roport de Cologne\/Bonn, notre entrep\u00f4t de pi\u00e8ces de rechange assist\u00e9 par ordinateur, d&rsquo;une superficie de plus de 2\u00a0000 m\u00b2, dispose de plus de 20\u00a0000 articles. Le traitement des [&hellip;]\" \/>\n<meta property=\"og:url\" content=\"https:\/\/gmc-mbh.de\/fr\/gmc\/la-logistique\/\" \/>\n<meta property=\"og:site_name\" content=\"GMC mbH\" \/>\n<meta property=\"article:modified_time\" content=\"2023-06-20T20:48:10+00:00\" \/>\n<meta property=\"og:image\" content=\"https:\/\/gmc-mbh.de\/wp-content\/uploads\/2022\/11\/Web-GMC-UeberGMC-Nachhaltigkeit-1.jpg\" \/>\n<meta name=\"twitter:card\" content=\"summary_large_image\" \/>\n<meta name=\"twitter:label1\" content=\"Dur\u00e9e de lecture estim\u00e9e\" \/>\n\t<meta name=\"twitter:data1\" content=\"1 minute\" \/>\n<script type=\"application\/ld+json\" class=\"yoast-schema-graph\">{\"@context\":\"https:\\\/\\\/schema.org\",\"@graph\":[{\"@type\":\"WebPage\",\"@id\":\"https:\\\/\\\/gmc-mbh.de\\\/fr\\\/gmc\\\/la-logistique\\\/\",\"url\":\"https:\\\/\\\/gmc-mbh.de\\\/fr\\\/gmc\\\/la-logistique\\\/\",\"name\":\"La logistique - GMC mbH\",\"isPartOf\":{\"@id\":\"https:\\\/\\\/gmc-mbh.de\\\/fr\\\/#website\"},\"primaryImageOfPage\":{\"@id\":\"https:\\\/\\\/gmc-mbh.de\\\/fr\\\/gmc\\\/la-logistique\\\/#primaryimage\"},\"image\":{\"@id\":\"https:\\\/\\\/gmc-mbh.de\\\/fr\\\/gmc\\\/la-logistique\\\/#primaryimage\"},\"thumbnailUrl\":\"https:\\\/\\\/gmc-mbh.de\\\/wp-content\\\/uploads\\\/2022\\\/11\\\/Web-GMC-UeberGMC-Nachhaltigkeit-1.jpg\",\"datePublished\":\"2023-06-19T12:10:35+00:00\",\"dateModified\":\"2023-06-20T20:48:10+00:00\",\"breadcrumb\":{\"@id\":\"https:\\\/\\\/gmc-mbh.de\\\/fr\\\/gmc\\\/la-logistique\\\/#breadcrumb\"},\"inLanguage\":\"fr-FR\",\"potentialAction\":[{\"@type\":\"ReadAction\",\"target\":[\"https:\\\/\\\/gmc-mbh.de\\\/fr\\\/gmc\\\/la-logistique\\\/\"]}]},{\"@type\":\"ImageObject\",\"inLanguage\":\"fr-FR\",\"@id\":\"https:\\\/\\\/gmc-mbh.de\\\/fr\\\/gmc\\\/la-logistique\\\/#primaryimage\",\"url\":\"https:\\\/\\\/gmc-mbh.de\\\/wp-content\\\/uploads\\\/2022\\\/11\\\/Web-GMC-UeberGMC-Nachhaltigkeit-1.jpg\",\"contentUrl\":\"https:\\\/\\\/gmc-mbh.de\\\/wp-content\\\/uploads\\\/2022\\\/11\\\/Web-GMC-UeberGMC-Nachhaltigkeit-1.jpg\"},{\"@type\":\"BreadcrumbList\",\"@id\":\"https:\\\/\\\/gmc-mbh.de\\\/fr\\\/gmc\\\/la-logistique\\\/#breadcrumb\",\"itemListElement\":[{\"@type\":\"ListItem\",\"position\":1,\"name\":\"Home\",\"item\":\"https:\\\/\\\/gmc-mbh.de\\\/fr\\\/\"},{\"@type\":\"ListItem\",\"position\":2,\"name\":\"GMC\",\"item\":\"https:\\\/\\\/gmc-mbh.de\\\/fr\\\/gmc\\\/\"},{\"@type\":\"ListItem\",\"position\":3,\"name\":\"La logistique\"}]},{\"@type\":\"WebSite\",\"@id\":\"https:\\\/\\\/gmc-mbh.de\\\/fr\\\/#website\",\"url\":\"https:\\\/\\\/gmc-mbh.de\\\/fr\\\/\",\"name\":\"GMC mbH\",\"description\":\"GMC \u2013 Gesellschaft f\u00fcr Marine- und Industrieausstattung mbH\",\"potentialAction\":[{\"@type\":\"SearchAction\",\"target\":{\"@type\":\"EntryPoint\",\"urlTemplate\":\"https:\\\/\\\/gmc-mbh.de\\\/fr\\\/?s={search_term_string}\"},\"query-input\":{\"@type\":\"PropertyValueSpecification\",\"valueRequired\":true,\"valueName\":\"search_term_string\"}}],\"inLanguage\":\"fr-FR\"}]}<\/script>\n<!-- \/ Yoast SEO plugin. -->","yoast_head_json":{"title":"La logistique - GMC mbH","robots":{"index":"index","follow":"follow","max-snippet":"max-snippet:-1","max-image-preview":"max-image-preview:large","max-video-preview":"max-video-preview:-1"},"canonical":"https:\/\/gmc-mbh.de\/fr\/gmc\/la-logistique\/","og_locale":"fr_FR","og_type":"article","og_title":"La logistique - GMC mbH","og_description":"Notre entrep\u00f4t moderne garantit la disponibilit\u00e9 des produits et leur exp\u00e9dition le jour m\u00eame. Id\u00e9alement situ\u00e9 \u00e0 proximit\u00e9 des autoroutes A3, A4 et A555 ainsi que de l&rsquo;a\u00e9roport de Cologne\/Bonn, notre entrep\u00f4t de pi\u00e8ces de rechange assist\u00e9 par ordinateur, d&rsquo;une superficie de plus de 2\u00a0000 m\u00b2, dispose de plus de 20\u00a0000 articles. Le traitement des [&hellip;]","og_url":"https:\/\/gmc-mbh.de\/fr\/gmc\/la-logistique\/","og_site_name":"GMC mbH","article_modified_time":"2023-06-20T20:48:10+00:00","og_image":[{"url":"https:\/\/gmc-mbh.de\/wp-content\/uploads\/2022\/11\/Web-GMC-UeberGMC-Nachhaltigkeit-1.jpg","type":"","width":"","height":""}],"twitter_card":"summary_large_image","twitter_misc":{"Dur\u00e9e de lecture estim\u00e9e":"1 minute"},"schema":{"@context":"https:\/\/schema.org","@graph":[{"@type":"WebPage","@id":"https:\/\/gmc-mbh.de\/fr\/gmc\/la-logistique\/","url":"https:\/\/gmc-mbh.de\/fr\/gmc\/la-logistique\/","name":"La logistique - GMC mbH","isPartOf":{"@id":"https:\/\/gmc-mbh.de\/fr\/#website"},"primaryImageOfPage":{"@id":"https:\/\/gmc-mbh.de\/fr\/gmc\/la-logistique\/#primaryimage"},"image":{"@id":"https:\/\/gmc-mbh.de\/fr\/gmc\/la-logistique\/#primaryimage"},"thumbnailUrl":"https:\/\/gmc-mbh.de\/wp-content\/uploads\/2022\/11\/Web-GMC-UeberGMC-Nachhaltigkeit-1.jpg","datePublished":"2023-06-19T12:10:35+00:00","dateModified":"2023-06-20T20:48:10+00:00","breadcrumb":{"@id":"https:\/\/gmc-mbh.de\/fr\/gmc\/la-logistique\/#breadcrumb"},"inLanguage":"fr-FR","potentialAction":[{"@type":"ReadAction","target":["https:\/\/gmc-mbh.de\/fr\/gmc\/la-logistique\/"]}]},{"@type":"ImageObject","inLanguage":"fr-FR","@id":"https:\/\/gmc-mbh.de\/fr\/gmc\/la-logistique\/#primaryimage","url":"https:\/\/gmc-mbh.de\/wp-content\/uploads\/2022\/11\/Web-GMC-UeberGMC-Nachhaltigkeit-1.jpg","contentUrl":"https:\/\/gmc-mbh.de\/wp-content\/uploads\/2022\/11\/Web-GMC-UeberGMC-Nachhaltigkeit-1.jpg"},{"@type":"BreadcrumbList","@id":"https:\/\/gmc-mbh.de\/fr\/gmc\/la-logistique\/#breadcrumb","itemListElement":[{"@type":"ListItem","position":1,"name":"Home","item":"https:\/\/gmc-mbh.de\/fr\/"},{"@type":"ListItem","position":2,"name":"GMC","item":"https:\/\/gmc-mbh.de\/fr\/gmc\/"},{"@type":"ListItem","position":3,"name":"La logistique"}]},{"@type":"WebSite","@id":"https:\/\/gmc-mbh.de\/fr\/#website","url":"https:\/\/gmc-mbh.de\/fr\/","name":"GMC mbH","description":"GMC \u2013 Gesellschaft f\u00fcr Marine- und Industrieausstattung mbH","potentialAction":[{"@type":"SearchAction","target":{"@type":"EntryPoint","urlTemplate":"https:\/\/gmc-mbh.de\/fr\/?s={search_term_string}"},"query-input":{"@type":"PropertyValueSpecification","valueRequired":true,"valueName":"search_term_string"}}],"inLanguage":"fr-FR"}]}},"_links":{"self":[{"href":"https:\/\/gmc-mbh.de\/fr\/wp-json\/wp\/v2\/pages\/1117","targetHints":{"allow":["GET"]}}],"collection":[{"href":"https:\/\/gmc-mbh.de\/fr\/wp-json\/wp\/v2\/pages"}],"about":[{"href":"https:\/\/gmc-mbh.de\/fr\/wp-json\/wp\/v2\/types\/page"}],"author":[{"embeddable":true,"href":"https:\/\/gmc-mbh.de\/fr\/wp-json\/wp\/v2\/users\/1"}],"replies":[{"embeddable":true,"href":"https:\/\/gmc-mbh.de\/fr\/wp-json\/wp\/v2\/comments?post=1117"}],"version-history":[{"count":5,"href":"https:\/\/gmc-mbh.de\/fr\/wp-json\/wp\/v2\/pages\/1117\/revisions"}],"predecessor-version":[{"id":1197,"href":"https:\/\/gmc-mbh.de\/fr\/wp-json\/wp\/v2\/pages\/1117\/revisions\/1197"}],"up":[{"embeddable":true,"href":"https:\/\/gmc-mbh.de\/fr\/wp-json\/wp\/v2\/pages\/1111"}],"wp:attachment":[{"href":"https:\/\/gmc-mbh.de\/fr\/wp-json\/wp\/v2\/media?parent=1117"}],"curies":[{"name":"wp","href":"https:\/\/api.w.org\/{rel}","templated":true}]}}