{"id":1128,"date":"2023-06-19T14:18:06","date_gmt":"2023-06-19T12:18:06","guid":{"rendered":"https:\/\/gmc-mbh.de\/?page_id=1128"},"modified":"2023-06-19T14:18:06","modified_gmt":"2023-06-19T12:18:06","slug":"cookies","status":"publish","type":"page","link":"https:\/\/gmc-mbh.de\/fr\/cookies\/","title":{"rendered":"Cookies"},"content":{"rendered":"<h2>Hinweise zu Cookies<\/h2>\n<p>Wir verwenden Cookies.<\/p>\n<ul role=\"list\">\n<li>Inhalte und Anzeigen werden personalisiert<\/li>\n<li>Zugriffe auf unserer Website werden analysiert<\/li>\n<li>Weitergabe von Informationen zu Ihrer Verwendung an unsere Partner f\u00fcr soziale Medien, Werbung, Analysen<\/li>\n<li>M\u00f6gliche Zusammenf\u00fchrung dieser Informationen mit weiteren Daten unserer Partner, die bereits von Ihnen bereitgestellt wurden<\/li>\n<\/ul>\n<p>Cookies sind kleine Textdateien, die von Webseiten verwendet werden, um die Benutzererfahrung effizienter zu gestalten.<\/p>\n<p>Laut Gesetz k\u00f6nnen wir Cookies auf Ihrem Ger\u00e4t speichern, wenn diese f\u00fcr den Betrieb dieser Seite unbedingt notwendig sind. F\u00fcr alle anderen Cookie-Typen ben\u00f6tigen wir Ihre Erlaubnis.<\/p>\n<p>Diese Seite verwendet unterschiedliche Cookie-Typen. Einige Cookies werden von Drittparteien platziert, die auf unseren Seiten erscheinen.<\/p>\n<p>Sie k\u00f6nnen Ihre Einwilligung jederzeit von der Cookie-Erkl\u00e4rung auf unserer Website \u00e4ndern oder widerrufen.<\/p>\n<p>Erfahren Sie in unserer Datenschutzrichtlinie mehr dar\u00fcber, wer wir sind, wie Sie uns kontaktieren k\u00f6nnen und wie wir personenbezogene Daten verarbeiten.<\/p>\n<p>Bitte geben Sie Ihre Einwilligungs-ID und das Datum an, wenn Sie uns bez\u00fcglich Ihrer Einwilligung kontaktieren.<\/p>\n<p>Ihre Einwilligung trifft auf die folgenden Domains zu: www.gmc-mbh.de<\/p>\n<p>Ihr aktueller Zustand: Nur notwendige Cookies verwenden.<\/p>\n<p>Ihre Einwilligungs-ID: j30O1EVrXPBm3+4vWK0YVwq2P\/XTCRwAf1CTiaBETh0feTL\/XVynfg==Einwilligungsdatum: Samstag, 2. Mai 2020, 12:11:16 MESZ<\/p>\n<p><a>\u00c4ndern Sie Ihre Einwilligung<\/a><\/p>\n<p>Die Cookie-Erkl\u00e4rung wurde das letzte Mal am 20.04.20 von\u00a0<a href=\"https:\/\/www.cookiebot.com\/\" target=\"_blank\" rel=\"noopener\">Cookiebot<\/a>\u00a0aktualisiert:<\/p>\n<p><strong>Notwendig (1)<\/strong><\/p>\n<p>Notwendige Cookies helfen dabei, eine Webseite nutzbar zu machen, indem sie Grundfunktionen wie Seitennavigation und Zugriff auf sichere Bereiche der Webseite erm\u00f6glichen. Die Webseite kann ohne diese Cookies nicht richtig funktionieren.<\/p>\n<p><strong>NameAnbieterZweckAblaufTyp<\/strong>CookieConsent<a href=\"https:\/\/www.cookiebot.com\/goto\/privacy-policy\/\" target=\"_blank\" rel=\"noopener\">Cookiebot<\/a>Speichert den Zustimmungsstatus des Benutzers f\u00fcr Cookies auf der aktuellen Dom\u00e4ne.1 JahrHTTP Cookie<\/p>\n<p><strong>Statistiken (4)<\/strong><\/p>\n<p>Statistik-Cookies helfen Webseiten-Besitzern zu verstehen, wie Besucher mit Webseiten interagieren, indem Informationen anonym gesammelt und gemeldet werden.<\/p>\n<p><strong>NameAnbieterZweckAblaufTyp<\/strong>_ga<a href=\"https:\/\/policies.google.com\/privacy\" target=\"_blank\" rel=\"noopener\">Google<\/a>Registriert eine eindeutige ID, die verwendet wird, um statistische Daten dazu, wie der Besucher die Website nutzt, zu generieren.2 JahreHTTP Cookie_gat<a href=\"https:\/\/policies.google.com\/privacy\" target=\"_blank\" rel=\"noopener\">Google<\/a>Wird von Google Analytics verwendet, um die Anforderungsrate einzuschr\u00e4nken1 TagHTTP Cookie_gid<a href=\"https:\/\/policies.google.com\/privacy\" target=\"_blank\" rel=\"noopener\">Google<\/a>Registriert eine eindeutige ID, die verwendet wird, um statistische Daten dazu, wie der Besucher die Website nutzt, zu generieren.1 TagHTTP Cookiecollect<a href=\"https:\/\/policies.google.com\/privacy\" target=\"_blank\" rel=\"noopener\">Google<\/a>Wird verwendet, um Daten zu Google Analytics \u00fcber das Ger\u00e4t und das Verhalten des Besuchers zu senden. Erfasst den Besucher \u00fcber Ger\u00e4te und Marketingkan\u00e4le hinweg.SessionPixel Tracker<\/p>\n","protected":false},"excerpt":{"rendered":"<p>Hinweise zu Cookies Wir verwenden Cookies. Inhalte und Anzeigen werden personalisiert Zugriffe auf unserer Website werden analysiert Weitergabe von Informationen zu Ihrer Verwendung an unsere Partner f\u00fcr soziale Medien, Werbung, Analysen M\u00f6gliche Zusammenf\u00fchrung dieser Informationen mit weiteren Daten unserer Partner, die bereits von Ihnen bereitgestellt wurden Cookies sind kleine Textdateien, die von Webseiten verwendet werden, [&hellip;]<\/p>\n","protected":false},"author":1,"featured_media":0,"parent":0,"menu_order":0,"comment_status":"closed","ping_status":"closed","template":"","meta":{"_themeisle_gutenberg_block_has_review":false,"footnotes":""},"class_list":["post-1128","page","type-page","status-publish","hentry"],"acf":[],"yoast_head":"<!-- This site is optimized with the Yoast SEO plugin v27.4 - https:\/\/yoast.com\/product\/yoast-seo-wordpress\/ -->\n<title>Cookies - GMC mbH<\/title>\n<meta name=\"robots\" content=\"index, follow, max-snippet:-1, max-image-preview:large, max-video-preview:-1\" \/>\n<link rel=\"canonical\" href=\"https:\/\/gmc-mbh.de\/fr\/cookies\/\" \/>\n<meta property=\"og:locale\" content=\"fr_FR\" \/>\n<meta property=\"og:type\" content=\"article\" \/>\n<meta property=\"og:title\" content=\"Cookies - GMC mbH\" \/>\n<meta property=\"og:description\" content=\"Hinweise zu Cookies Wir verwenden Cookies. Inhalte und Anzeigen werden personalisiert Zugriffe auf unserer Website werden analysiert Weitergabe von Informationen zu Ihrer Verwendung an unsere Partner f\u00fcr soziale Medien, Werbung, Analysen M\u00f6gliche Zusammenf\u00fchrung dieser Informationen mit weiteren Daten unserer Partner, die bereits von Ihnen bereitgestellt wurden Cookies sind kleine Textdateien, die von Webseiten verwendet werden, [&hellip;]\" \/>\n<meta property=\"og:url\" content=\"https:\/\/gmc-mbh.de\/fr\/cookies\/\" \/>\n<meta property=\"og:site_name\" content=\"GMC mbH\" \/>\n<meta name=\"twitter:card\" content=\"summary_large_image\" \/>\n<meta name=\"twitter:label1\" content=\"Dur\u00e9e de lecture estim\u00e9e\" \/>\n\t<meta name=\"twitter:data1\" content=\"2 minutes\" \/>\n<script type=\"application\/ld+json\" class=\"yoast-schema-graph\">{\"@context\":\"https:\\\/\\\/schema.org\",\"@graph\":[{\"@type\":\"WebPage\",\"@id\":\"https:\\\/\\\/gmc-mbh.de\\\/fr\\\/cookies\\\/\",\"url\":\"https:\\\/\\\/gmc-mbh.de\\\/fr\\\/cookies\\\/\",\"name\":\"Cookies - GMC mbH\",\"isPartOf\":{\"@id\":\"https:\\\/\\\/gmc-mbh.de\\\/fr\\\/#website\"},\"datePublished\":\"2023-06-19T12:18:06+00:00\",\"breadcrumb\":{\"@id\":\"https:\\\/\\\/gmc-mbh.de\\\/fr\\\/cookies\\\/#breadcrumb\"},\"inLanguage\":\"fr-FR\",\"potentialAction\":[{\"@type\":\"ReadAction\",\"target\":[\"https:\\\/\\\/gmc-mbh.de\\\/fr\\\/cookies\\\/\"]}]},{\"@type\":\"BreadcrumbList\",\"@id\":\"https:\\\/\\\/gmc-mbh.de\\\/fr\\\/cookies\\\/#breadcrumb\",\"itemListElement\":[{\"@type\":\"ListItem\",\"position\":1,\"name\":\"Home\",\"item\":\"https:\\\/\\\/gmc-mbh.de\\\/fr\\\/\"},{\"@type\":\"ListItem\",\"position\":2,\"name\":\"Cookies\"}]},{\"@type\":\"WebSite\",\"@id\":\"https:\\\/\\\/gmc-mbh.de\\\/fr\\\/#website\",\"url\":\"https:\\\/\\\/gmc-mbh.de\\\/fr\\\/\",\"name\":\"GMC mbH\",\"description\":\"GMC \u2013 Gesellschaft f\u00fcr Marine- und Industrieausstattung mbH\",\"potentialAction\":[{\"@type\":\"SearchAction\",\"target\":{\"@type\":\"EntryPoint\",\"urlTemplate\":\"https:\\\/\\\/gmc-mbh.de\\\/fr\\\/?s={search_term_string}\"},\"query-input\":{\"@type\":\"PropertyValueSpecification\",\"valueRequired\":true,\"valueName\":\"search_term_string\"}}],\"inLanguage\":\"fr-FR\"}]}<\/script>\n<!-- \/ Yoast SEO plugin. -->","yoast_head_json":{"title":"Cookies - GMC mbH","robots":{"index":"index","follow":"follow","max-snippet":"max-snippet:-1","max-image-preview":"max-image-preview:large","max-video-preview":"max-video-preview:-1"},"canonical":"https:\/\/gmc-mbh.de\/fr\/cookies\/","og_locale":"fr_FR","og_type":"article","og_title":"Cookies - GMC mbH","og_description":"Hinweise zu Cookies Wir verwenden Cookies. Inhalte und Anzeigen werden personalisiert Zugriffe auf unserer Website werden analysiert Weitergabe von Informationen zu Ihrer Verwendung an unsere Partner f\u00fcr soziale Medien, Werbung, Analysen M\u00f6gliche Zusammenf\u00fchrung dieser Informationen mit weiteren Daten unserer Partner, die bereits von Ihnen bereitgestellt wurden Cookies sind kleine Textdateien, die von Webseiten verwendet werden, [&hellip;]","og_url":"https:\/\/gmc-mbh.de\/fr\/cookies\/","og_site_name":"GMC mbH","twitter_card":"summary_large_image","twitter_misc":{"Dur\u00e9e de lecture estim\u00e9e":"2 minutes"},"schema":{"@context":"https:\/\/schema.org","@graph":[{"@type":"WebPage","@id":"https:\/\/gmc-mbh.de\/fr\/cookies\/","url":"https:\/\/gmc-mbh.de\/fr\/cookies\/","name":"Cookies - GMC mbH","isPartOf":{"@id":"https:\/\/gmc-mbh.de\/fr\/#website"},"datePublished":"2023-06-19T12:18:06+00:00","breadcrumb":{"@id":"https:\/\/gmc-mbh.de\/fr\/cookies\/#breadcrumb"},"inLanguage":"fr-FR","potentialAction":[{"@type":"ReadAction","target":["https:\/\/gmc-mbh.de\/fr\/cookies\/"]}]},{"@type":"BreadcrumbList","@id":"https:\/\/gmc-mbh.de\/fr\/cookies\/#breadcrumb","itemListElement":[{"@type":"ListItem","position":1,"name":"Home","item":"https:\/\/gmc-mbh.de\/fr\/"},{"@type":"ListItem","position":2,"name":"Cookies"}]},{"@type":"WebSite","@id":"https:\/\/gmc-mbh.de\/fr\/#website","url":"https:\/\/gmc-mbh.de\/fr\/","name":"GMC mbH","description":"GMC \u2013 Gesellschaft f\u00fcr Marine- und Industrieausstattung mbH","potentialAction":[{"@type":"SearchAction","target":{"@type":"EntryPoint","urlTemplate":"https:\/\/gmc-mbh.de\/fr\/?s={search_term_string}"},"query-input":{"@type":"PropertyValueSpecification","valueRequired":true,"valueName":"search_term_string"}}],"inLanguage":"fr-FR"}]}},"_links":{"self":[{"href":"https:\/\/gmc-mbh.de\/fr\/wp-json\/wp\/v2\/pages\/1128","targetHints":{"allow":["GET"]}}],"collection":[{"href":"https:\/\/gmc-mbh.de\/fr\/wp-json\/wp\/v2\/pages"}],"about":[{"href":"https:\/\/gmc-mbh.de\/fr\/wp-json\/wp\/v2\/types\/page"}],"author":[{"embeddable":true,"href":"https:\/\/gmc-mbh.de\/fr\/wp-json\/wp\/v2\/users\/1"}],"replies":[{"embeddable":true,"href":"https:\/\/gmc-mbh.de\/fr\/wp-json\/wp\/v2\/comments?post=1128"}],"version-history":[{"count":1,"href":"https:\/\/gmc-mbh.de\/fr\/wp-json\/wp\/v2\/pages\/1128\/revisions"}],"predecessor-version":[{"id":1129,"href":"https:\/\/gmc-mbh.de\/fr\/wp-json\/wp\/v2\/pages\/1128\/revisions\/1129"}],"wp:attachment":[{"href":"https:\/\/gmc-mbh.de\/fr\/wp-json\/wp\/v2\/media?parent=1128"}],"curies":[{"name":"wp","href":"https:\/\/api.w.org\/{rel}","templated":true}]}}